{"id":5,"date":"2016-04-05T12:44:26","date_gmt":"2016-04-05T12:44:26","guid":{"rendered":"https:\/\/turkiyelig.com\/?page_id=5"},"modified":"2022-11-25T17:13:08","modified_gmt":"2022-11-25T14:13:08","slug":"home","status":"publish","type":"page","link":"https:\/\/turkiyelig.com\/","title":{"rendered":"Home"},"content":{"rendered":"<p>[vc_row full_width=&#8221;stretch_row&#8221; inverse=&#8221;yes&#8221; css=&#8221;.vc_custom_1669380635669{background-image: url(http:\/\/turkiyelig.com\/wp-content\/uploads\/2022\/11\/legal-sports-gambling-1.jpg?id=2031) !important;}&#8221;][vc_column][vc_empty_space height=&#8221;4.1em&#8221;]<div class=\"columns_wrap sc_columns columns_nofluid sc_columns_count_2 margin_top_medium margin_bottom_medium\"><div class=\"column-1_2 sc_column_item sc_column_item_1 home_column_3 odd first\" data-animation=\"animated fadeInUp normal\"><h5 class=\"sc_title sc_title_underline margin_top_null margin_bottom_null\" style=\"color:#ffffff;font-weight:100;font-size:50px;\"><strong>T\u00dcRK\u0130YE-L\u0130G\u2019DE<\/strong><br \/>\n<strong>D\u00fcnyalar\u0131 Kazan!<\/strong><\/h5>[vc_empty_space height=&#8221;1em&#8221;][vc_column_text]S\u00fcper Lig heyecan\u0131 T\u00fcrkiyE-Lig ile D\u00fcnya Kupas\u0131 aras\u0131 vermeden devam ediyor.<br \/>\n10 S\u00fcper Lig tak\u0131m\u0131n\u0131n k\u0131ran k\u0131rana m\u00fccadele edece\u011fi T\u00fcrkiyE-Lig ma\u00e7lar\u0131 sadece burada.<br \/>\nMa\u00e7lar\u0131 izle, bahsini yap, her g\u00fcn yapt\u0131\u011f\u0131n ilk ge\u00e7erli bahsin % 50&#8217;si kadar bedava bahis kazan.[\/vc_column_text][vc_row_inner css=&#8221;.vc_custom_1669381231742{margin-top: 10px !important;}&#8221;][vc_column_inner width=&#8221;1\/3&#8243; offset=&#8221;vc_col-xs-4\/5&#8243;][vc_single_image image=&#8221;2044&#8243; img_size=&#8221;420&#215;420&#8243;][\/vc_column_inner][vc_column_inner width=&#8221;1\/3&#8243; offset=&#8221;vc_col-xs-4\/5&#8243;][vc_single_image image=&#8221;2043&#8243; img_size=&#8221;420&#215;420&#8243;][\/vc_column_inner][vc_column_inner width=&#8221;1\/3&#8243; offset=&#8221;vc_col-xs-4\/5&#8243;][vc_single_image image=&#8221;2042&#8243; img_size=&#8221;420&#215;420&#8243;][\/vc_column_inner][\/vc_row_inner]<\/div><div class=\"column-1_2 sc_column_item sc_column_item_2 home_column_1 even\" data-animation=\"animated fadeInUp normal\"><div class=\"sc_section sc_section_block \" style=\"background-color:#ffffff;\"><div class=\"sc_section_inner\"><div class=\"sc_section_overlay\" style=\"\"><div class=\"sc_section_content padding_on\" style=\"\"><div class=\"sc_section_content_wrap\">[vc_single_image image=&#8221;2034&#8243; img_size=&#8221;full&#8221;]<\/div><\/div><\/div><\/div><\/div><\/div><\/div>[vc_empty_space height=&#8221;1.2em&#8221;][\/vc_column][\/vc_row][vc_row full_width=&#8221;stretch_row_content_no_spaces&#8221; inverse=&#8221;yes&#8221;][vc_column]<div class=\"sc_section\" style=\"background-image:url(https:\/\/turkiyelig.com\/wp-content\/uploads\/2016\/04\/home_video2.jpg);background-repeat:no-repeat;background-size:cover;\"><div class=\"sc_section_inner\"><div class=\"sc_section_overlay\" style=\"\"><div class=\"sc_section_content padding_on\" style=\"\"><div class=\"sc_section_content_wrap\"><div class=\"sc_content content_wrap margin_top_large margin_bottom_large\">[vc_empty_space height=&#8221;0.1em&#8221;]<div class=\"sc_section sc_section_block  aligncenter\" data-animation=\"animated fadeInUp normal\"><div class=\"sc_section_inner\"><div class=\"sc_section_content_wrap\"><span class=\"sc_icon icon-arrow margin_top_large\" style=\"display:block;font-size:90px; line-height: 1em;\"><\/span><\/div><\/div><\/div><div id=\"home_video\" class=\"sc_popup mfp-with-anim mfp-hide\"><video class=\"sc_video\" src=\"https:\/\/player.vimeo.com\/video\/89816131\" width=\"\" height=\"\" data-width=\"\" data-height=\"\" data-ratio=\"16:9\" controls=\"controls\" loop=\"loop\"><\/video><\/div><div id=\"sc_call_to_action_782410088\" class=\"sc_call_to_action sc_call_to_action_style_1 sc_call_to_action_align_center margin_top_medium margin_bottom_medium\" data-animation=\"animated fadeInUp normal\" style=\"width:100%;\"><div class=\"sc_call_to_action_info\"><h2 class=\"sc_call_to_action_title sc_item_title\">T\u00fcrkiye Lig Video<\/h2><\/div><\/div><div class=\"sc_section sc_section_block  aligncenter\" data-animation=\"animated fadeInUp normal\"><div class=\"sc_section_inner\"><div class=\"sc_section_content_wrap\"><a href=\"#home_video\" class=\"sc_button sc_button_square sc_button_style_border sc_button_size_large sc_popup_link\">View Video<\/a><\/div><\/div><\/div>[vc_empty_space height=&#8221;4em&#8221;]<\/div><\/div><\/div><\/div><\/div><\/div>[\/vc_column][\/vc_row][vc_row][vc_column][vc_empty_space height=&#8221;3.2em&#8221;]<div id=\"sc_matches_2015560604_wrap\" class=\"sc_matches_wrap\"><div id=\"sc_matches_2015560604\" class=\"sc_matches style_matches-2  margin_top_medium margin_bottom_medium\" style=\"width:100%;\" data-animation=\"animated fadeInUp normal\"><div class=\"sc_matches_current\"><h2 class=\"sc_matches_title sc_item_title\">Son Ma\u00e7 Sonucu<\/h2><ul class=\"sc_matches_list\">\t\t\t<li id=\"sc_matches_2015560604_0\"\t\t\t\tclass=\"sc_match sc_match_0 even\"\n\t\t\t\t>\t\t\t\n\t\t\t\t\t<div class=\"match_block\"><div class=\"player player_first\">\n\n\n\n\t\t\t<div class=\"player_photo\">\n\t\t\t\t<a class=\"\" href=\"https:\/\/turkiyelig.com\/index.php\/players\/columbus-crew-cs\/\" title=\"Columbus Crew CS\">\n\t\t\t\t\t<img loading=\"lazy\" decoding=\"async\" class=\"wp-post-image\" width=\"420\" height=\"420\" alt=\"logo-2.png\" src=\"https:\/\/turkiyelig.com\/wp-content\/uploads\/2016\/04\/logo-2.png\">\t\t\t\t<\/a>\t\t\t\t\n\t\t\t<\/div>\n\t\t\t<div class=\"player_name\"><a href=\"https:\/\/turkiyelig.com\/index.php\/players\/columbus-crew-cs\/\">Columbus Crew CS<\/a><\/div>\n              <div class=\"player_country\">Angola<\/div> \t\n\t\t<\/div><div class=\"match_info\">\n\t\t\t<div class=\"match_date\">05 Nis 13:45<\/div>\n\t\t\t<div class=\"match_score\">2 - 1<\/div>\n\t\t\t<div class=\"match_category\">\n\t\t\t\t<a href=\"https:\/\/turkiyelig.com\/index.php\/matches_group\/barracuda-championship-silverado-resort\/\">Barracuda Championship Silverado Resort<\/a> \t\t\t<\/div>\n\t\t<\/div><div class=\"player player_second\">\n\t\t\t<div class=\"player_photo\">\n\t\t\t\t<a class=\"\" href=\"https:\/\/turkiyelig.com\/index.php\/players\/houston-dynamo\/\" title=\"Houston Dynamo\">\n\t\t\t\t\t<img loading=\"lazy\" decoding=\"async\" class=\"wp-post-image\" width=\"420\" height=\"420\" alt=\"logo-11-1.png\" src=\"https:\/\/turkiyelig.com\/wp-content\/uploads\/2016\/04\/logo-11-1.png\">\t\t\t\t<\/a>\t\t\t\t\n\t\t\t<\/div>\n\t\t\t<div class=\"player_name\"><a href=\"https:\/\/turkiyelig.com\/index.php\/players\/houston-dynamo\/\">Houston Dynamo<\/a><\/div>\n              <div class=\"player_country\">Comoros<\/div> \t\n\t\t<\/div>\n\t<\/div>\n\t\t\t<\/li>\n\t\t\t\t\t<li id=\"sc_matches_2015560604_1\"\t\t\t\tclass=\"sc_match sc_match_1 odd first\"\n\t\t\t\t>\t\t\t\n\t\t\t\t\t<div class=\"match_block\"><div class=\"player player_first\">\n\n\n\n\t\t\t<div class=\"player_photo\">\n\t\t\t\t<a class=\"\" href=\"https:\/\/turkiyelig.com\/index.php\/players\/orlando-city-sc\/\" title=\"Orlando City SC\">\n\t\t\t\t\t<img loading=\"lazy\" decoding=\"async\" class=\"wp-post-image\" width=\"420\" height=\"420\" alt=\"logo-9.png\" src=\"https:\/\/turkiyelig.com\/wp-content\/uploads\/2016\/04\/logo-9.png\">\t\t\t\t<\/a>\t\t\t\t\n\t\t\t<\/div>\n\t\t\t<div class=\"player_name\"><a href=\"https:\/\/turkiyelig.com\/index.php\/players\/orlando-city-sc\/\">Orlando City SC<\/a><\/div>\n            \n\t\t<\/div><div class=\"match_info\">\n\t\t\t<div class=\"match_date\">06 Nis 10:00<\/div>\n\t\t\t<div class=\"match_score\">3:0<\/div>\n\t\t\t<div class=\"match_category\">\n\t\t\t\t<a href=\"https:\/\/turkiyelig.com\/index.php\/matches_group\/barracuda-championship-silverado-resort\/\">Barracuda Championship Silverado Resort<\/a> \t\t\t<\/div>\n\t\t<\/div><div class=\"player player_second\">\n\t\t\t<div class=\"player_photo\">\n\t\t\t\t<a class=\"\" href=\"https:\/\/turkiyelig.com\/index.php\/players\/houston-dynamo\/\" title=\"Houston Dynamo\">\n\t\t\t\t\t<img loading=\"lazy\" decoding=\"async\" class=\"wp-post-image\" width=\"420\" height=\"420\" alt=\"logo-11-1.png\" src=\"https:\/\/turkiyelig.com\/wp-content\/uploads\/2016\/04\/logo-11-1.png\">\t\t\t\t<\/a>\t\t\t\t\n\t\t\t<\/div>\n\t\t\t<div class=\"player_name\"><a href=\"https:\/\/turkiyelig.com\/index.php\/players\/houston-dynamo\/\">Houston Dynamo<\/a><\/div>\n              <div class=\"player_country\">Comoros<\/div> \t\n\t\t<\/div>\n\t<\/div>\n\t\t\t<\/li>\n\t\t<\/ul><\/div><!-- \/.sc_matches_current --><div class=\"sc_matches_next\"><h2 class=\"sc_matches_title sc_item_title\">next matches<\/h2><ul class=\"sc_matches_list\"><li class=\"sc_match\" data-item=\"#sc_matches_2015560604_0\"><div class=\"sc_match_date\"><span class=\"day\">05<\/span><span class=\"month\">Nisan<\/span><\/div><div class=\"sc_match_info\"><div class=\"photo\"><img loading=\"lazy\" decoding=\"async\" class=\"wp-post-image\" width=\"40\" height=\"40\" alt=\"logo-2.png\" src=\"https:\/\/turkiyelig.com\/wp-content\/uploads\/2016\/04\/logo-2-40x40.png\"><\/div><div class=\"name\">Columbus Crew CS<\/div><div class=\"vs\">VS<\/div><div class=\"name\">Houston Dynamo<\/div><div class=\"photo\"><img loading=\"lazy\" decoding=\"async\" class=\"wp-post-image\" width=\"40\" height=\"40\" alt=\"logo-11-1.png\" src=\"https:\/\/turkiyelig.com\/wp-content\/uploads\/2016\/04\/logo-11-1-40x40.png\"><\/div><\/div><\/li><\/ul><ul class=\"sc_matches_list\"><li class=\"sc_match\" data-item=\"#sc_matches_2015560604_1\"><div class=\"sc_match_date\"><span class=\"day\">06<\/span><span class=\"month\">Nisan<\/span><\/div><div class=\"sc_match_info\"><div class=\"photo\"><img loading=\"lazy\" decoding=\"async\" class=\"wp-post-image\" width=\"40\" height=\"40\" alt=\"logo-9.png\" src=\"https:\/\/turkiyelig.com\/wp-content\/uploads\/2016\/04\/logo-9-40x40.png\"><\/div><div class=\"name\">Orlando City SC<\/div><div class=\"vs\">VS<\/div><div class=\"name\">Houston Dynamo<\/div><div class=\"photo\"><img loading=\"lazy\" decoding=\"async\" class=\"wp-post-image\" width=\"40\" height=\"40\" alt=\"logo-11-1.png\" src=\"https:\/\/turkiyelig.com\/wp-content\/uploads\/2016\/04\/logo-11-1-40x40.png\"><\/div><\/div><\/li><\/ul><\/div><!-- \/.sc_matches_next --><\/div><!-- \/.sc_matches --><\/div><!-- \/.sc_matches_wrap -->[vc_empty_space height=&#8221;5.1em&#8221;][\/vc_column][\/vc_row]<\/p>\n","protected":false},"excerpt":{"rendered":"<p>[vc_row full_width=&#8221;stretch_row&#8221; inverse=&#8221;yes&#8221; css=&#8221;.vc_custom_1669380635669{background-image: url(http:\/\/turkiyelig.com\/wp-content\/uploads\/2022\/11\/legal-sports-gambling-1.jpg?id=2031) !important;}&#8221;][vc_column][vc_empty_space height=&#8221;4.1em&#8221;][vc_empty_space height=&#8221;1.2em&#8221;][\/vc_column][\/vc_row][vc_row full_width=&#8221;stretch_row_content_no_spaces&#8221; inverse=&#8221;yes&#8221;][vc_column][\/vc_column][\/vc_row][vc_row][vc_column][vc_empty_space height=&#8221;3.2em&#8221;][vc_empty_space height=&#8221;5.1em&#8221;][\/vc_column][\/vc_row]<\/p>\n","protected":false},"author":1,"featured_media":0,"parent":0,"menu_order":0,"comment_status":"closed","ping_status":"closed","template":"","meta":{"footnotes":""},"class_list":["post-5","page","type-page","status-publish","hentry"],"_links":{"self":[{"href":"https:\/\/turkiyelig.com\/index.php\/wp-json\/wp\/v2\/pages\/5","targetHints":{"allow":["GET"]}}],"collection":[{"href":"https:\/\/turkiyelig.com\/index.php\/wp-json\/wp\/v2\/pages"}],"about":[{"href":"https:\/\/turkiyelig.com\/index.php\/wp-json\/wp\/v2\/types\/page"}],"author":[{"embeddable":true,"href":"https:\/\/turkiyelig.com\/index.php\/wp-json\/wp\/v2\/users\/1"}],"replies":[{"embeddable":true,"href":"https:\/\/turkiyelig.com\/index.php\/wp-json\/wp\/v2\/comments?post=5"}],"version-history":[{"count":28,"href":"https:\/\/turkiyelig.com\/index.php\/wp-json\/wp\/v2\/pages\/5\/revisions"}],"predecessor-version":[{"id":2048,"href":"https:\/\/turkiyelig.com\/index.php\/wp-json\/wp\/v2\/pages\/5\/revisions\/2048"}],"wp:attachment":[{"href":"https:\/\/turkiyelig.com\/index.php\/wp-json\/wp\/v2\/media?parent=5"}],"curies":[{"name":"wp","href":"https:\/\/api.w.org\/{rel}","templated":true}]}}